{"id":43,"date":"2024-07-29T22:04:50","date_gmt":"2024-07-29T22:04:50","guid":{"rendered":"http:\/\/imperialhoteljf.com.br\/site\/home\/"},"modified":"2024-08-19T23:54:24","modified_gmt":"2024-08-19T23:54:24","slug":"home","status":"publish","type":"page","link":"http:\/\/imperialhoteljf.com.br\/site\/","title":{"rendered":"Home"},"content":{"rendered":"\n\n\n<h4 style=\"color: rgb(92, 0, 0);\">Conhe\u00e7a o Hotel<\/h4>\n\n<p><span style=\"font-size:medium;\"><strong>Nosso Hotel <\/strong>est\u00e1 estrategicamente situado no centro pulsante da cidade, cercado pelas principais avenidas e ruas comerciais. Entre a Av. Rio Branco, Av. Get\u00falio Vargas, e as movimentadas Ruas Halfeld e S\u00e3o Jo\u00e3o, voc\u00ea estar\u00e1 a poucos passos de tudo o que a cidade tem a oferecer.<\/span>\n\n<\/p>\n\n\n<h4 style=\"color: rgb(92, 0, 0);\">Acomoda\u00e7\u00f5es<\/h4>\n\n<p><span style=\"font-size:medium;\">Nossas acomoda\u00e7\u00f5es foram cuidadosamente projetadas para proporcionar o m\u00e1ximo de conforto e praticidade. Cada detalhe foi pensado para garantir uma estadia agrad\u00e1vel e tranquila, seja para quem visita Juiz de Fora a trabalho, estudo ou lazer.<\/span><br><\/p>\n\n\n<h4 style=\"color: rgb(92, 0, 0);\">Reservas online<\/h4>\n\n<p><span style=\"font-size:medium;\">Disponibilizamos um servi\u00e7o de reservas online pr\u00e1tico e intuitivo, onde voc\u00ea pode selecionar a acomoda\u00e7\u00e3o que melhor atenda \u00e0s suas prefer\u00eancias. Escolha as datas de check-in e check-out, informe a quantidade de pessoas e personalize sua estadia de acordo com suas necessidades.<\/span>\n\n<br><\/p>\n\n\n\n\n<h3 style=\"color: rgb(92, 0, 0);\">Venha conhecer nosso Hotel<\/h3>\n\n<h5>V\u00e1rias acomoda\u00e7\u00f5es para melhor lhe atender<\/h5>\n\n\n<p [object NamedNodeMap]>Nossa localiza\u00e7\u00e3o central facilita o acesso \u00e0s principais avenidas da cidade, tornando cada deslocamento simples e r\u00e1pido. Seja para uma reuni\u00e3o de neg\u00f3cios ou um passeio de lazer, voc\u00ea estar\u00e1 sempre perto de tudo.<\/p>\n\n\n<h2>Imperial Hotel<\/h2>\n\n\n\n<p><span style=\"font-size: large;\">Ponto Central entre as Principais Avenidas<\/span><\/p>\n<p><span style=\"font-size:medium;\"><br>Nossa localiza\u00e7\u00e3o central facilita o acesso \u00e0s principais avenidas da cidade, tornando cada deslocamento simples e r\u00e1pido. Seja para uma reuni\u00e3o de neg\u00f3cios ou um passeio de lazer, voc\u00ea estar\u00e1 sempre perto de tudo<\/span>. <\/p>\n\n<p><font style=\"vertical-align: inherit;\"><font style=\"vertical-align: inherit;\"><strong>Proximidade com as Melhores Lojas e Shoppings<br><\/strong><\/font><\/font><\/p>\n\n<p><font style=\"vertical-align: inherit;\"><font style=\"vertical-align: inherit; font-size: medium;\">A poucos passos do hotel, voc\u00ea encontra uma variedade de lojas e shoppings, ideais para quem ama fazer compras. Desde boutiques exclusivas at\u00e9 grandes centros comerciais, voc\u00ea ter\u00e1 \u00e0 disposi\u00e7\u00e3o uma vasta gama de op\u00e7\u00f5es.<\/font><\/font><\/p>\n<p><span style=\"font-size:medium;\"><strong>Acesso F\u00e1cil a Academias e Escolas<\/strong><br>Para os h\u00f3spedes que n\u00e3o abrem m\u00e3o de manter a rotina de exerc\u00edcios, estamos pr\u00f3ximos \u00e0s melhores academias da cidade. Al\u00e9m disso, nossa proximidade com institui\u00e7\u00f5es de ensino torna o Hotel Imperial uma escolha conveniente para pais e estudantes.<\/span><br><\/p>\n<p><span style=\"font-size:medium;\"><strong>Conveni\u00eancia de Escrit\u00f3rios e Consult\u00f3rios Pr\u00f3ximos<\/strong><br>Se voc\u00ea est\u00e1 em Juiz de Fora a trabalho, nossa localiza\u00e7\u00e3o \u00e9 perfeita. Com in\u00fameros escrit\u00f3rios e consult\u00f3rios nas redondezas, voc\u00ea pode economizar tempo e evitar o tr\u00e2nsito da cidade.<\/span><br><\/p>\n<p><span style=\"font-size:medium;\"><strong>Entretenimento e Cultura: Cinemas e Mais<\/strong><br>Para momentos de lazer, o entorno do Hotel Imperial oferece diversas op\u00e7\u00f5es culturais, incluindo cinemas e teatros. Desfrute de uma noite de cinema ou assista a uma pe\u00e7a teatral, tudo sem precisar se afastar muito do hotel.<\/span><br><\/p>\n\n\n\n<p>Lorem Ipsum has been the industry&#8217;s standard dummy text ever since the 1500s.<\/p>\n\n\n\n\n\n\n<h3><span style=\"color:#5c0000;\">Conhe\u00e7a a nossa hist\u00f3rico<\/span><\/h3>\n<h5>Estrutura e Conforto<\/h5>\n\n<h2>Nossa Estruturay<\/h2>\n\n<p style=\"font-size: medium;\">Estrutura e Conforto Acomoda\u00e7\u00f5es Confort\u00e1veis e Elegantes<br>Cada um dos nossos quartos \u00e9 decorado com aten\u00e7\u00e3o aos m\u00ednimos detalhes, oferecendo uma combina\u00e7\u00e3o perfeita de conforto e eleg\u00e2ncia. Desde su\u00edtes luxuosas at\u00e9 quartos mais aconchegantes, todos os espa\u00e7os foram projetados para garantir uma estadia relaxante e revigorante.<\/p>\n\n\n\n\n\n\n\n\n\nRua Batista de Oliveira, 605 Juiz de Fora &#8211; Minas Gerais\n\n\n","protected":false},"excerpt":{"rendered":"","protected":false},"author":0,"featured_media":0,"parent":0,"menu_order":0,"comment_status":"closed","ping_status":"closed","template":"","meta":{"pagelayer_contact_templates":[],"_pagelayer_content":"","footnotes":""},"class_list":["post-43","page","type-page","status-publish","hentry"],"_links":{"self":[{"href":"http:\/\/imperialhoteljf.com.br\/site\/wp-json\/wp\/v2\/pages\/43","targetHints":{"allow":["GET"]}}],"collection":[{"href":"http:\/\/imperialhoteljf.com.br\/site\/wp-json\/wp\/v2\/pages"}],"about":[{"href":"http:\/\/imperialhoteljf.com.br\/site\/wp-json\/wp\/v2\/types\/page"}],"replies":[{"embeddable":true,"href":"http:\/\/imperialhoteljf.com.br\/site\/wp-json\/wp\/v2\/comments?post=43"}],"version-history":[{"count":17,"href":"http:\/\/imperialhoteljf.com.br\/site\/wp-json\/wp\/v2\/pages\/43\/revisions"}],"predecessor-version":[{"id":134,"href":"http:\/\/imperialhoteljf.com.br\/site\/wp-json\/wp\/v2\/pages\/43\/revisions\/134"}],"wp:attachment":[{"href":"http:\/\/imperialhoteljf.com.br\/site\/wp-json\/wp\/v2\/media?parent=43"}],"curies":[{"name":"wp","href":"https:\/\/api.w.org\/{rel}","templated":true}]}}