{"id":226,"date":"2024-08-21T20:15:13","date_gmt":"2024-08-21T20:15:13","guid":{"rendered":"http:\/\/imperialhoteljf.com.br\/site\/?page_id=226"},"modified":"2025-06-24T13:59:31","modified_gmt":"2025-06-24T13:59:31","slug":"tarifas","status":"publish","type":"page","link":"http:\/\/imperialhoteljf.com.br\/site\/tarifas\/","title":{"rendered":"Tarifas"},"content":{"rendered":"\n\n\n\n\n\n\n\n\n<h2><\/h2>\n\n\n\n\n<h4>\n<\/h4><h4><span style=\"color:#5c0000;\">Boas-vindas ao Hotel Imperial Juiz de Fora<\/span><\/h4>\n\n\n<h3><\/h3>\n\n\n<strong style=\"font-size: x-large;\">Nossas Tarifas<\/strong>\n\n<strong><\/strong><br><ul style=\"font-size: medium;\"><li><strong><font style=\"vertical-align: inherit;\"><font style=\"vertical-align: inherit;\">Apartamento Solteiro:<\/font><\/font><\/strong><font style=\"vertical-align: inherit;\"><font style=\"vertical-align: inherit;\"> R$ 150,00<\/font><\/font><br><br><\/li><li><strong><font style=\"vertical-align: inherit;\"><font style=\"vertical-align: inherit;\">Apartamento Duplo ou Casal:<\/font><\/font><\/strong><font style=\"vertical-align: inherit;\"><font style=\"vertical-align: inherit;\"> R$ 205,00<\/font><\/font><br><br><\/li><li><strong><font style=\"vertical-align: inherit;\"><font style=\"vertical-align: inherit;\">Apartamento Triplo:<\/font><\/font><\/strong><font style=\"vertical-align: inherit;\"><font style=\"vertical-align: inherit;\"> R$ 290,00<\/font><\/font><\/li><\/ul>\n\n<p><strong><\/strong><\/p><span style=\"font-size:medium;\"><p><strong>Inclui caf\u00e9 da manh\u00e3 e estacionamento gratuito (sem taxas adicionais).<\/strong><br><em>Consulte nossas tarifas especiais para grupos, formaturas e eventos.<\/em><\/p><\/span>\n\n\n<span style=\"font-size:medium;\"><p><em><\/em><\/p><p style=\"font-size: medium;\">Aproveite o conforto e a praticidade do nosso sistema de reservas online, onde voc\u00ea pode selecionar a acomoda\u00e7\u00e3o ideal, escolher as datas de check-in e check-out, informar a quantidade de h\u00f3spedes, entre outras op\u00e7\u00f5es.<\/p><\/span>\n\n\n<span style=\"font-size:medium;\"><p style=\"font-size: medium;\">Conhe\u00e7a o Hotel Imperial e deixe-se surpreender!<br>[<strong>CLIQUE AQUI PARA RESERVAS ONLINE OU LIGUE PARA (32) 3215-7400<\/strong>]<\/p><\/span>\n\n\n\n\n<p><br><\/p>\n\n\n\n\n\n\n\n\n\n\n\n\n\n<center><h4>fa\u00e7a sua reserva aqui&nbsp;<\/h4><\/center>\n\n\n\n\n\n\n","protected":false},"excerpt":{"rendered":"","protected":false},"author":1,"featured_media":0,"parent":0,"menu_order":0,"comment_status":"closed","ping_status":"closed","template":"","meta":{"pagelayer_contact_templates":[],"_pagelayer_content":"","footnotes":""},"class_list":["post-226","page","type-page","status-publish","hentry"],"_links":{"self":[{"href":"http:\/\/imperialhoteljf.com.br\/site\/wp-json\/wp\/v2\/pages\/226","targetHints":{"allow":["GET"]}}],"collection":[{"href":"http:\/\/imperialhoteljf.com.br\/site\/wp-json\/wp\/v2\/pages"}],"about":[{"href":"http:\/\/imperialhoteljf.com.br\/site\/wp-json\/wp\/v2\/types\/page"}],"author":[{"embeddable":true,"href":"http:\/\/imperialhoteljf.com.br\/site\/wp-json\/wp\/v2\/users\/1"}],"replies":[{"embeddable":true,"href":"http:\/\/imperialhoteljf.com.br\/site\/wp-json\/wp\/v2\/comments?post=226"}],"version-history":[{"count":9,"href":"http:\/\/imperialhoteljf.com.br\/site\/wp-json\/wp\/v2\/pages\/226\/revisions"}],"predecessor-version":[{"id":251,"href":"http:\/\/imperialhoteljf.com.br\/site\/wp-json\/wp\/v2\/pages\/226\/revisions\/251"}],"wp:attachment":[{"href":"http:\/\/imperialhoteljf.com.br\/site\/wp-json\/wp\/v2\/media?parent=226"}],"curies":[{"name":"wp","href":"https:\/\/api.w.org\/{rel}","templated":true}]}}